{"id":11,"date":"2025-04-15T17:27:37","date_gmt":"2025-04-15T17:27:37","guid":{"rendered":"https:\/\/borda2group.trestrazos.com\/mi-cuenta\/"},"modified":"2025-05-23T21:43:23","modified_gmt":"2025-05-23T21:43:23","slug":"mi-cuenta","status":"publish","type":"page","link":"https:\/\/borda2group.trestrazos.com\/en\/mi-cuenta\/","title":{"rendered":"Mi cuenta"},"content":{"rendered":"<div data-elementor-type=\"wp-page\" data-elementor-id=\"11\" class=\"elementor elementor-11\" data-elementor-post-type=\"page\">\n\t\t\t\t<div class=\"elementor-element elementor-element-de4afd8 e-flex e-con-boxed e-con e-parent\" data-id=\"de4afd8\" data-element_type=\"container\" data-settings=\"{&quot;background_background&quot;:&quot;classic&quot;}\">\n\t\t\t\t\t<div class=\"e-con-inner\">\n\t\t\t\t<div class=\"elementor-element elementor-element-25f7807 jedv-enabled--yes elementor-widget elementor-widget-heading\" data-id=\"25f7807\" data-element_type=\"widget\" data-widget_type=\"heading.default\">\n\t\t\t\t<div class=\"elementor-widget-container\">\n\t\t\t\t\t<h2 class=\"elementor-heading-title elementor-size-default\">Crea tu cuenta<\/h2>\t\t\t\t<\/div>\n\t\t\t\t<\/div>\n\t\t\t\t\t<\/div>\n\t\t\t\t<\/div>\n\t\t<div class=\"elementor-element elementor-element-56730a5c e-flex e-con-boxed e-con e-parent\" data-id=\"56730a5c\" data-element_type=\"container\">\n\t\t\t\t\t<div class=\"e-con-inner\">\n\t\t\t\t<div class=\"elementor-element elementor-element-8ca5d16 e-my-account-tabs-vertical elementor-widget elementor-widget-woocommerce-my-account\" data-id=\"8ca5d16\" data-element_type=\"widget\" data-settings=\"{&quot;forms_buttons_hover_animation&quot;:&quot;grow&quot;}\" data-widget_type=\"woocommerce-my-account.default\">\n\t\t\t\t<div class=\"elementor-widget-container\">\n\t\t\t\t\t<div class=\"e-my-account-tab e-my-account-tab__\">\t\t\t<div class=\"woocommerce\"><\/div>\t\t<\/div>\n\t\t\t\t\t\t<\/div>\n\t\t\t\t<\/div>\n\t\t\t\t\t<\/div>\n\t\t\t\t<\/div>\n\t\t\t\t<\/div>","protected":false},"excerpt":{"rendered":"<p>Crea tu cuenta Panel Pedidos M\u00e9todos de pago Cuenta Salir Dashboard Orders Downloads Addresses M\u00e9todos de pago Account Details Logout Hola juliwebdesigner (\u00bfno eres juliwebdesigner? Cerrar sesi\u00f3n) Desde el escritorio de tu cuenta puedes ver tus pedidos recientes, gestionar tus direcciones de env\u00edo y facturaci\u00f3n y editar tu contrase\u00f1a y los detalles de tu cuenta.<\/p>","protected":false},"author":1,"featured_media":0,"parent":0,"menu_order":0,"comment_status":"closed","ping_status":"closed","template":"elementor_header_footer","meta":{"footnotes":""},"class_list":["post-11","page","type-page","status-publish","hentry"],"_links":{"self":[{"href":"https:\/\/borda2group.trestrazos.com\/en\/wp-json\/wp\/v2\/pages\/11","targetHints":{"allow":["GET"]}}],"collection":[{"href":"https:\/\/borda2group.trestrazos.com\/en\/wp-json\/wp\/v2\/pages"}],"about":[{"href":"https:\/\/borda2group.trestrazos.com\/en\/wp-json\/wp\/v2\/types\/page"}],"author":[{"embeddable":true,"href":"https:\/\/borda2group.trestrazos.com\/en\/wp-json\/wp\/v2\/users\/1"}],"replies":[{"embeddable":true,"href":"https:\/\/borda2group.trestrazos.com\/en\/wp-json\/wp\/v2\/comments?post=11"}],"version-history":[{"count":117,"href":"https:\/\/borda2group.trestrazos.com\/en\/wp-json\/wp\/v2\/pages\/11\/revisions"}],"predecessor-version":[{"id":1113,"href":"https:\/\/borda2group.trestrazos.com\/en\/wp-json\/wp\/v2\/pages\/11\/revisions\/1113"}],"wp:attachment":[{"href":"https:\/\/borda2group.trestrazos.com\/en\/wp-json\/wp\/v2\/media?parent=11"}],"curies":[{"name":"wp","href":"https:\/\/api.w.org\/{rel}","templated":true}]}}